{"id":18,"date":"2025-06-04T14:33:37","date_gmt":"2025-06-04T14:33:37","guid":{"rendered":"https:\/\/rpka.lv\/?page_id=18"},"modified":"2025-06-05T18:23:54","modified_gmt":"2025-06-05T18:23:54","slug":"statuti","status":"publish","type":"page","link":"https:\/\/rpka.lv\/statuti\/","title":{"rendered":"STAT\u016aTI"},"content":{"rendered":"\t\t<div data-elementor-type=\"wp-page\" data-elementor-id=\"18\" class=\"elementor elementor-18\" data-elementor-post-type=\"page\">\n\t\t\t\t<div class=\"elementor-element elementor-element-9364059 e-flex e-con-boxed e-con e-parent\" data-id=\"9364059\" data-element_type=\"container\" data-e-type=\"container\">\n\t\t\t\t\t<div class=\"e-con-inner\">\n\t\t\t\t<div class=\"elementor-element elementor-element-5e2e96ca elementor-widget elementor-widget-heading\" data-id=\"5e2e96ca\" data-element_type=\"widget\" data-e-type=\"widget\" data-widget_type=\"heading.default\">\n\t\t\t\t<div class=\"elementor-widget-container\">\n\t\t\t\t\t<h2 class=\"elementor-heading-title elementor-size-default\">Biedr\u012bbas \u201cR\u012bgas pasa\u017eieru ku\u0123u apvien\u012bba\u201d\u00a0stat\u016bti<\/h2>\t\t\t\t<\/div>\n\t\t\t\t<\/div>\n\t\t\t\t<div class=\"elementor-element elementor-element-546dc0ab elementor-widget elementor-widget-text-editor\" data-id=\"546dc0ab\" data-element_type=\"widget\" data-e-type=\"widget\" data-widget_type=\"text-editor.default\">\n\t\t\t\t<div class=\"elementor-widget-container\">\n\t\t\t\t\t\t\t\t\t<p><strong>1.Biedr\u012bbas nosaukums<\/strong><\/p><p>1.2. Biedr\u012bbas nosaukums ir \u201cR\u012bgas pasa\u017eieru ku\u0123u apvien\u012bba\u201d (turpm\u0101k tekst\u0101- Biedr\u012bba).<br \/>1.3.\u00a0Biedr\u012bbai ir sava simbolika, kura autors ir J\u0101nis Uvarovs.<\/p><p><strong>2.\u00a0Biedr\u012bbas m\u0113r\u0137i<\/strong><\/p><p>2.1. Populariz\u0113t R\u012bgas pasa\u017eieru ku\u0123us Latvij\u0101 un \u0101rvalst\u012bs;<br \/>2.2. Stiprin\u0101t un atbalst\u012bt R\u012bgas pasa\u017eieru ku\u0123u presti\u017eu;<br \/>2.3. P\u0101rst\u0101v\u0113t upju ku\u0123u \u012bpa\u0161nieku intereses valsts un pa\u0161vald\u012bbas instit\u016bcij\u0101s;<br \/>2.4. Att\u012bst\u012bt upju ku\u0123u koncepciju , tai skait\u0101 ku\u0123u piest\u0101t\u0146u vizu\u0101los un tehniskos uzlabojumus R\u012bgas pils\u0113tas teritorij\u0101;<br \/>2.5. Sadarboties ar Latvijas un \u0101rvalstu Biedr\u012bb\u0101m, uz\u0146\u0113mumiem, organiz\u0101cij\u0101m un citiem, kas veicin\u0101tu Biedr\u012bbas att\u012bst\u012bbu un pieredzes apmai\u0146ai.<\/p><p><strong>3. Biedr\u012bbas darb\u012bbas termi\u0146\u0161<\/strong><\/p><p>3.1. Biedr\u012bba ir nodibin\u0101ta uz nenoteiktu laiku.<\/p><p><strong>4. Biedru iest\u0101\u0161an\u0101s, izst\u0101\u0161an\u0101s un izsl\u0113g\u0161ana no Biedr\u012bbas<\/strong><\/p><p>4.1. Biedr\u012bb\u0101 var iest\u0101ties jebkura r\u012bc\u012bbsp\u0113j\u012bga fiziska un juridiska persona vai ties\u012bbsp\u0113j\u012bga person\u0101lsabiedr\u012bba, iesniedzot noteiktas formas rakstisku pieteikumu. Pieteikuma formu un tam kl\u0101t pievienojamo dokumentu sarakstu nosaka Biedr\u012bbas valde.<br \/>4.2. L\u0113mumu par biedra uz\u0146em\u0161anu Biedr\u012bb\u0101 pie\u0146em valde. Valdei pieteic\u0113ja l\u016bgums ir j\u0101izskata tuv\u0101k\u0101s s\u0113des laik\u0101, ta\u010du ne ilg\u0101k k\u0101 divu ned\u0113\u013cu laik\u0101 no visu nepiecie\u0161amo dokumentu sa\u0146em\u0161anas br\u012b\u017ea. Uz valdes s\u0113di, kur\u0101 izskata pieteic\u0113ja l\u016bgumu, ir j\u0101uzaicina pats pieteic\u0113js un j\u0101dod vi\u0146am v\u0101rds sava viedok\u013ca pau\u0161anai. Pieteic\u0113ja neiera\u0161an\u0101s nav \u0161\u0137\u0113rslis valdes l\u0113muma pie\u0146em\u0161anai. Valdei motiv\u0113ts l\u0113mums rakstveid\u0101 j\u0101pazi\u0146o pieteic\u0113jam ned\u0113\u013cas laik\u0101 no t\u0101 pie\u0146em\u0161anas br\u012b\u017ea.<br \/>4.3. Valdes noraido\u0161o l\u0113mumu pieteic\u0113js rakstveid\u0101 var p\u0101rs\u016bdz\u0113t biedru kopsapulcei. Ja ar\u012b biedru kopsapulce noraida pieteic\u0113ja l\u016bgumu, pieteic\u0113js nav uz\u0146emts par Biedr\u012bbas biedru, un vi\u0146\u0161 var iesniegt atk\u0101rtotu pieteikumu ne \u0101tr\u0101k k\u0101 p\u0113c gada termi\u0146a izbeig\u0161an\u0101s.<br \/>4.4. Biedrs var jebkur\u0101 laik\u0101 izst\u0101ties no Biedr\u012bbas rakstveid\u0101 pazi\u0146ojot par to valdei.<\/p><p>4.5. Biedru var izsl\u0113gt no Biedr\u012bbas ar valdes l\u0113mumu, ja:<br \/>4.5.1 biedrs vair\u0101k k\u0101 6 m\u0113ne\u0161us nav nomaks\u0101jis biedra naudu;<br \/>4.5.2. biedrs nepilda kopsapulces un valdes l\u0113mumus;<br \/>4.5.3. biedrs nepilda savus pien\u0101kumu un uz\u0146emt\u0101s saist\u012bbas;<br \/>4.5.4. biedrs veic citu darb\u012bbu, kas ir pretrun\u0101 ar \u0161ajos stat\u016btos noteikto.<\/p><p>4.6. Jaut\u0101jumu par Biedr\u012bbas biedra izsl\u0113g\u0161anu valde izskata tuv\u0101k\u0101s s\u0113des laik\u0101, uzaicinot izsl\u0113dzamo biedru un dodot vi\u0146am v\u0101rdu sava viedok\u013ca pau\u0161anai. Izsl\u0113dzam\u0101 biedra neiera\u0161an\u0101s nav \u0161\u0137\u0113rslis valdes l\u0113muma pie\u0146em\u0161anai. Valdei l\u0113mums par biedra izsl\u0113g\u0161anu no biedr\u012bbas un \u0161\u0101 l\u0113muma motiv\u0101cija j\u0101pazi\u0146o rakstveid\u0101 izsl\u0113dzamajam biedram 5 dienu laik\u0101 no t\u0101 pie\u0146em\u0161anas br\u012b\u017ea.<\/p><p><strong>5. Biedru ties\u012bbas un pien\u0101kumi<\/strong><\/p><p>5.1. Biedr\u012bbas biedriem ir \u0161\u0101das ties\u012bbas:<br \/>5.1.1. piedal\u012bties Biedr\u012bbas p\u0101rvald\u0113,<br \/>5.1.2. sa\u0146emt inform\u0101ciju par Biedr\u012bbas darb\u012bbu, tai skait\u0101 iepaz\u012bties ar visu Biedr\u012bbas instit\u016bciju protokoliem, l\u0113mumiem un r\u012bkojumiem,<br \/>5.1.3. piedal\u012bties visos Biedr\u012bbas organiz\u0113tajos pas\u0101kumos, iesniegt priek\u0161likumus par Biedr\u012bbas darb\u012bbu un t\u0101s uzlabo\u0161anu, aizst\u0101v\u0113t savu viedokli,<\/p><p>5.2. Biedr\u012bbas biedru pien\u0101kumi:<\/p><p>5.2.1. iev\u0113rot Biedr\u012bbas stat\u016btus un pild\u012bt biedru sapulces un valdes l\u0113mumus;<br \/>5.2.2. neveikt darb\u012bbas, kas b\u016btu v\u0113rstas pret Biedr\u012bbu vai pret atsevi\u0161\u0137u t\u0101s biedru;<br \/>5.2.3. regul\u0101ri maks\u0101t biedra naudu;<br \/>5.2.4. ar savu akt\u012bvu l\u012bdzdarb\u012bbu atbalst\u012bt Biedr\u012bbas m\u0113r\u0137a un uzdevumu realiz\u0113\u0161anu, t.sk., neparedz\u0113tu un \u0101rk\u0101rtas situ\u0101ciju gad\u012bjum\u0101 bezatl\u012bdz\u012bb\u0101 un uz promb\u016btnes laiku aizvietot ku\u0123a kapteini, matrozi, motoristu u.c. ku\u0123u profesijas p\u0101rst\u0101vi.<\/p><p>5.3. Saist\u012bbas biedram var noteikt ar biedru sapulces vai valdes l\u0113mumu. Nosakot biedram saist\u012bbas, kas at\u0161\u0137iras no citu biedru saist\u012bb\u0101m, ir nepiecie\u0161ama \u0161\u0101 biedra piekri\u0161ana.<br \/>5.4. Biedr\u012bbas Goda biedram nav pien\u0101kums maks\u0101t iest\u0101\u0161an\u0101s maksu un biedra naudu.<br \/>5.5. Biedr\u012bbas Goda biedrs ir ties\u012bgs piedal\u012bties Valdes un Biedru sapulces s\u0113d\u0113s ar padomdev\u0113ja ties\u012bb\u0101m p\u0113c Biedru sapulces vai Valdes uzaicin\u0101juma.<\/p><p><strong>6. Biedr\u012bbas strukt\u016brvien\u012bbas<\/strong><\/p><p>6.1. Ar biedru sapulces l\u0113mumu var tikt izveidotas Biedr\u012bbas teritori\u0101l\u0101s un citas strukt\u016brvien\u012bbas;<br \/>6.2. Strukt\u016brvien\u012bbas darb\u012bbu, ties\u012bbas un pien\u0101kumus, k\u0101 ar\u012b attiec\u012bbas ar Biedr\u012bbu regul\u0113 strukt\u016brvien\u012bbas nolikums, ko apstiprina Biedr\u012bbas biedru sapulce un valdes priek\u0161s\u0113d\u0113t\u0101js.<\/p><p><strong>7. Biedru sapulces sasauk\u0161ana un l\u0113mumu pie\u0146em\u0161ana<\/strong><\/p><p>7.1. Biedru sapulce ir augst\u0101k\u0101 Biedr\u012bbas l\u0113m\u0113jinstit\u016bcija.<br \/>7.2. Biedru sapulc\u0113 ir ties\u012bgi piedal\u012bties visi Biedr\u012bbas biedri. Biedri var piedal\u012bties biedru sapulc\u0113 tikai person\u012bgi.<br \/>7.3. K\u0101rt\u0113j\u0101 biedru sapulce tiek sasaukta vienu reizi gad\u0101 \u2013 l\u012bdz 31. martam.<br \/>7.4. \u0100rk\u0101rtas biedru sapulce var tikt sasaukta p\u0113c valdes iniciat\u012bvas, vai ja to rakstveid\u0101 pieprasa ne maz\u0101k k\u0101 1\/10 da\u013ca Biedr\u012bbas biedru, nor\u0101dot sasauk\u0161anas iemeslu.<br \/>7.5. Biedru sapulce tiek sasaukta, ne v\u0113l\u0101k k\u0101 divas ned\u0113\u013cas pirms sapulces nos\u016btot katram biedram rakstisku uzaicin\u0101jumu.<br \/>7.6. Biedru sapulce ir lemtties\u012bga, ja taj\u0101 piedal\u0101s vair\u0101k k\u0101 puse no biedriem.<br \/>7.7. Gad\u012bjumos, kad balsis dal\u0101s vien\u0101d\u0101s da\u013c\u0101s, iz\u0161\u0137iro\u0161\u0101 ir valdes priek\u0161s\u0113d\u0113t\u0101ja balss.<br \/>7.8. Ja biedru sapulce nav lemtties\u012bga kvoruma tr\u016bkuma d\u0113\u013c, tr\u012bs ned\u0113\u013cu laik\u0101 tiek sasaukta atk\u0101rtota biedru sapulce, kas ir ties\u012bga pie\u0146emt l\u0113mumus neatkar\u012bgi no kl\u0101teso\u0161o biedru skaita, ar nosac\u012bjumu, ka taj\u0101 piedal\u0101s vismaz divi biedri.<br \/>7.9. Biedru sapulces l\u0113mums ir pie\u0146emts, ja par to nobalso vair\u0101k k\u0101 puse no kl\u0101teso\u0161ajiem biedriem. L\u0113mums par stat\u016btu groz\u012bjumiem, Biedr\u012bbas darb\u012bbas izbeig\u0161anu un turpin\u0101\u0161anu ir pie\u0146emts, ja par to nobalso vair\u0101k k\u0101 divas tre\u0161da\u013cas no kl\u0101teso\u0161ajiem biedriem.<\/p><p><strong>8. Izpildinstit\u016bcija<\/strong><\/p><p>8.1. Biedr\u012bbas izpildinstit\u016bcija ir valde, kas sast\u0101v no diviem valdes locek\u013ciem.<br \/>8.2. Valdes priek\u0161s\u0113d\u0113t\u0101js, organiz\u0113 valdes darbu.<br \/>8.3. Valde ir ties\u012bga izlemt visus jaut\u0101jumus, kas nav ekskluz\u012bv\u0101 biedru sapulces kompetenc\u0113.<br \/>8.4. Valdes locek\u013ci ir ties\u012bgi p\u0101rst\u0101v\u0113t Biedr\u012bbu katrs atsevi\u0161\u0137i.<br \/>8.5. Valdes locek\u013ci pilda savus pien\u0101kumus par atl\u012bdz\u012bbu.<\/p><p><strong>9. Revidents<\/strong><\/p><p>9.1. Biedr\u012bbas finansi\u0101l\u0101s un saimniecisk\u0101s darb\u012bbas kontroli veic revidents, kuru iev\u0113l biedru sapulce uz vienu gadu.<br \/>9.2. Revidents nevar b\u016bt Biedr\u012bbas Valdes loceklis.<\/p><p>9.3. Revidents:<br \/>9.3.1 veic mantas un finan\u0161u l\u012bdzek\u013cu rev\u012bziju;<br \/>9.3.2. dod atzinumu par bud\u017eetu un gada p\u0101rskatu;<br \/>9.3.3. izv\u0113rt\u0113 gr\u0101matved\u012bbas un lietved\u012bbas darbu;<br \/>9.3.4. sniedz ieteikumus par finan\u0161u un saimniecisk\u0101s darb\u012bbas uzlabo\u0161anu;<\/p><p>9.4 Revidents veic rev\u012bziju biedru sapulces noteiktajos termi\u0146os, ta\u010du ne ret\u0101k k\u0101 reizi gad\u0101.<br \/>9.5 Biedru sapulce apstiprina Biedr\u012bbas gada p\u0101rskatu tikai p\u0113c Revidenta atzinuma sa\u0146em\u0161anas.<\/p><p><strong>10. Biedru nauda<\/strong><\/p><p>10.1. Biedr\u012bbas biedri maks\u0101 biedru naudu vienu reizi gad\u0101 EUR 500,- apm\u0113r\u0101.<\/p><p><strong>11. Biedr\u012bbas finan\u0161u l\u012bdzek\u013ci<\/strong><\/p><p>11.1. Biedr\u012bbas finan\u0161u l\u012bdzek\u013cus veido:<br \/>11.2. Biedru iest\u0101\u0161an\u0101s un biedru maksas;<br \/>11.3. Juridisko un fizisko personu ziedojumi;<br \/>11.4. Biedru un citu personu m\u0113r\u0137iemaksas atsevi\u0161\u0137u Biedr\u012bbas uzdevumu sasnieg\u0161anas finans\u0113\u0161anai;<br \/>11.5. Citi at\u013cauti ien\u0101kumi likuma ietvaros.<br \/>11.6. Biedr\u012bbas l\u012bdzek\u013ci saska\u0146\u0101 ar valdes r\u012bkojumiem tiek izlietoti:<br \/>11.7. M\u0113r\u0137a \u012bsteno\u0161anai un uzdevumu izpildei;<br \/>11.8. Citu izdevumu seg\u0161anai, kas saist\u012bti ar Biedr\u012bbas darb\u012bbas nodro\u0161in\u0101\u0161anu.<\/p>\t\t\t\t\t\t\t\t<\/div>\n\t\t\t\t<\/div>\n\t\t\t\t\t<\/div>\n\t\t\t\t<\/div>\n\t\t\t\t<\/div>\n\t\t","protected":false},"excerpt":{"rendered":"<p>Biedr\u012bbas \u201cR\u012bgas pasa\u017eieru ku\u0123u apvien\u012bba\u201d\u00a0stat\u016bti 1.Biedr\u012bbas nosaukums 1.2. Biedr\u012bbas nosaukums ir \u201cR\u012bgas pasa\u017eieru ku\u0123u apvien\u012bba\u201d (turpm\u0101k tekst\u0101- Biedr\u012bba).1.3.\u00a0Biedr\u012bbai ir sava simbolika, kura autors ir J\u0101nis Uvarovs. 2.\u00a0Biedr\u012bbas m\u0113r\u0137i 2.1. Populariz\u0113t R\u012bgas pasa\u017eieru ku\u0123us Latvij\u0101 un \u0101rvalst\u012bs;2.2. Stiprin\u0101t un atbalst\u012bt R\u012bgas pasa\u017eieru ku\u0123u presti\u017eu;2.3. P\u0101rst\u0101v\u0113t upju ku\u0123u \u012bpa\u0161nieku intereses valsts un pa\u0161vald\u012bbas instit\u016bcij\u0101s;2.4. Att\u012bst\u012bt upju ku\u0123u [&hellip;]<\/p>\n","protected":false},"author":1,"featured_media":0,"parent":0,"menu_order":0,"comment_status":"closed","ping_status":"closed","template":"","meta":{"footnotes":""},"class_list":["post-18","page","type-page","status-publish","hentry"],"_links":{"self":[{"href":"https:\/\/rpka.lv\/wp-json\/wp\/v2\/pages\/18","targetHints":{"allow":["GET"]}}],"collection":[{"href":"https:\/\/rpka.lv\/wp-json\/wp\/v2\/pages"}],"about":[{"href":"https:\/\/rpka.lv\/wp-json\/wp\/v2\/types\/page"}],"author":[{"embeddable":true,"href":"https:\/\/rpka.lv\/wp-json\/wp\/v2\/users\/1"}],"replies":[{"embeddable":true,"href":"https:\/\/rpka.lv\/wp-json\/wp\/v2\/comments?post=18"}],"version-history":[{"count":10,"href":"https:\/\/rpka.lv\/wp-json\/wp\/v2\/pages\/18\/revisions"}],"predecessor-version":[{"id":212,"href":"https:\/\/rpka.lv\/wp-json\/wp\/v2\/pages\/18\/revisions\/212"}],"wp:attachment":[{"href":"https:\/\/rpka.lv\/wp-json\/wp\/v2\/media?parent=18"}],"curies":[{"name":"wp","href":"https:\/\/api.w.org\/{rel}","templated":true}]}}