{"id":24,"date":"2025-06-04T14:34:49","date_gmt":"2025-06-04T14:34:49","guid":{"rendered":"https:\/\/rpka.lv\/?page_id=24"},"modified":"2025-06-05T18:05:06","modified_gmt":"2025-06-05T18:05:06","slug":"par-asociaciju","status":"publish","type":"page","link":"https:\/\/rpka.lv\/par-asociaciju\/","title":{"rendered":"PAR ASOCI\u0100CIJU"},"content":{"rendered":"\t\t<div data-elementor-type=\"wp-page\" data-elementor-id=\"24\" class=\"elementor elementor-24\" data-elementor-post-type=\"page\">\n\t\t\t\t<div class=\"elementor-element elementor-element-c8c751f e-flex e-con-boxed e-con e-parent\" data-id=\"c8c751f\" data-element_type=\"container\" data-e-type=\"container\">\n\t\t\t\t\t<div class=\"e-con-inner\">\n\t\t\t\t<div class=\"elementor-element elementor-element-3171c7e elementor-widget elementor-widget-heading\" data-id=\"3171c7e\" data-element_type=\"widget\" data-e-type=\"widget\" data-widget_type=\"heading.default\">\n\t\t\t\t<div class=\"elementor-widget-container\">\n\t\t\t\t\t<h2 class=\"elementor-heading-title elementor-size-default\">PAR ASOCI\u0100CIJU<\/h2>\t\t\t\t<\/div>\n\t\t\t\t<\/div>\n\t\t\t\t<div class=\"elementor-element elementor-element-1bec25d elementor-widget elementor-widget-text-editor\" data-id=\"1bec25d\" data-element_type=\"widget\" data-e-type=\"widget\" data-widget_type=\"text-editor.default\">\n\t\t\t\t<div class=\"elementor-widget-container\">\n\t\t\t\t\t\t\t\t\t<p><strong>R\u012bgas pasa\u017eieru ku\u0123u apvien\u012bba (RPKA) ir biedr\u012bba<\/strong>, kur\u0101 apvienoju\u0161ies visu R\u012bgas pasa\u017eieru ku\u0123u \u012bpa\u0161niekus un uz\u0146\u0113mumus.<\/p>\t\t\t\t\t\t\t\t<\/div>\n\t\t\t\t<\/div>\n\t\t\t\t<div class=\"elementor-element elementor-element-e6f56dc elementor-widget elementor-widget-text-editor\" data-id=\"e6f56dc\" data-element_type=\"widget\" data-e-type=\"widget\" data-widget_type=\"text-editor.default\">\n\t\t\t\t<div class=\"elementor-widget-container\">\n\t\t\t\t\t\t\t\t\t<p>RPKA p\u0101rst\u0101v uz\u0146\u0113m\u0113ju intereses valsts un pa\u0161vald\u012bbu instit\u016bcij\u0101s, k\u0101 ar\u012b sniedz pakalpojumus un padomus, lai R\u012bg\u0101 att\u012bst\u012btu upju ku\u0123u koncepciju, tai skait\u0101 ku\u0123u piest\u0101t\u0146u vizu\u0101los un tehniskos uzlabojumus R\u012bgas pils\u0113tas teritorij\u0101.<\/p>\t\t\t\t\t\t\t\t<\/div>\n\t\t\t\t<\/div>\n\t\t\t\t<div class=\"elementor-element elementor-element-5111442 elementor-widget elementor-widget-text-editor\" data-id=\"5111442\" data-element_type=\"widget\" data-e-type=\"widget\" data-widget_type=\"text-editor.default\">\n\t\t\t\t<div class=\"elementor-widget-container\">\n\t\t\t\t\t\t\t\t\t<p>Biedr\u012bba ir vien\u012bg\u0101 nevalstiskaj\u0101 organiz\u0101cija R\u012bg\u0101, kura p\u0101rst\u0101v pasa\u017eieru ku\u0123u intereses.<\/p>\t\t\t\t\t\t\t\t<\/div>\n\t\t\t\t<\/div>\n\t\t\t\t\t<\/div>\n\t\t\t\t<\/div>\n\t\t\t\t<\/div>\n\t\t","protected":false},"excerpt":{"rendered":"<p>PAR ASOCI\u0100CIJU R\u012bgas pasa\u017eieru ku\u0123u apvien\u012bba (RPKA) ir biedr\u012bba, kur\u0101 apvienoju\u0161ies visu R\u012bgas pasa\u017eieru ku\u0123u \u012bpa\u0161niekus un uz\u0146\u0113mumus. RPKA p\u0101rst\u0101v uz\u0146\u0113m\u0113ju intereses valsts un pa\u0161vald\u012bbu instit\u016bcij\u0101s, k\u0101 ar\u012b sniedz pakalpojumus un padomus, lai R\u012bg\u0101 att\u012bst\u012btu upju ku\u0123u koncepciju, tai skait\u0101 ku\u0123u piest\u0101t\u0146u vizu\u0101los un tehniskos uzlabojumus R\u012bgas pils\u0113tas teritorij\u0101. Biedr\u012bba ir vien\u012bg\u0101 nevalstiskaj\u0101 organiz\u0101cija R\u012bg\u0101, [&hellip;]<\/p>\n","protected":false},"author":1,"featured_media":0,"parent":0,"menu_order":0,"comment_status":"closed","ping_status":"closed","template":"","meta":{"footnotes":""},"class_list":["post-24","page","type-page","status-publish","hentry"],"_links":{"self":[{"href":"https:\/\/rpka.lv\/wp-json\/wp\/v2\/pages\/24","targetHints":{"allow":["GET"]}}],"collection":[{"href":"https:\/\/rpka.lv\/wp-json\/wp\/v2\/pages"}],"about":[{"href":"https:\/\/rpka.lv\/wp-json\/wp\/v2\/types\/page"}],"author":[{"embeddable":true,"href":"https:\/\/rpka.lv\/wp-json\/wp\/v2\/users\/1"}],"replies":[{"embeddable":true,"href":"https:\/\/rpka.lv\/wp-json\/wp\/v2\/comments?post=24"}],"version-history":[{"count":16,"href":"https:\/\/rpka.lv\/wp-json\/wp\/v2\/pages\/24\/revisions"}],"predecessor-version":[{"id":183,"href":"https:\/\/rpka.lv\/wp-json\/wp\/v2\/pages\/24\/revisions\/183"}],"wp:attachment":[{"href":"https:\/\/rpka.lv\/wp-json\/wp\/v2\/media?parent=24"}],"curies":[{"name":"wp","href":"https:\/\/api.w.org\/{rel}","templated":true}]}}